{"id":25,"date":"2023-05-26T15:04:58","date_gmt":"2023-05-26T13:04:58","guid":{"rendered":"https:\/\/www.cizors.fr\/lp\/?page_id=25"},"modified":"2024-04-05T11:41:40","modified_gmt":"2024-04-05T09:41:40","slug":"coloration-vegetale-naturelle-bio","status":"publish","type":"page","link":"https:\/\/www.cizors.fr\/lp\/coloration-vegetale-naturelle-bio\/","title":{"rendered":"Coloration v\u00e9g\u00e9tale - naturelle - bio"},"content":{"rendered":"","protected":false},"excerpt":{"rendered":"","protected":false},"author":1,"featured_media":35,"parent":0,"menu_order":0,"comment_status":"closed","ping_status":"closed","template":"","meta":{"_seopress_robots_primary_cat":"","_seopress_titles_title":"Coloration V\u00e9g\u00e9tale Paris - Couleur v\u00e9g\u00e9tale cheveux by Cizors","_seopress_titles_desc":"Les coloristes des salons de coiffure Cizor&#039;s r\u00e9pondent \u00e0 toutes les questions li\u00e9es \u00e0 la coloration v\u00e9g\u00e9tale. Cizors votre coiffeur pour une coloration naturelle","_seopress_robots_index":"","footnotes":""},"class_list":["post-25","page","type-page","status-publish","has-post-thumbnail"],"_links":{"self":[{"href":"https:\/\/www.cizors.fr\/lp\/wp-json\/wp\/v2\/pages\/25","targetHints":{"allow":["GET"]}}],"collection":[{"href":"https:\/\/www.cizors.fr\/lp\/wp-json\/wp\/v2\/pages"}],"about":[{"href":"https:\/\/www.cizors.fr\/lp\/wp-json\/wp\/v2\/types\/page"}],"author":[{"embeddable":true,"href":"https:\/\/www.cizors.fr\/lp\/wp-json\/wp\/v2\/users\/1"}],"replies":[{"embeddable":true,"href":"https:\/\/www.cizors.fr\/lp\/wp-json\/wp\/v2\/comments?post=25"}],"version-history":[{"count":3,"href":"https:\/\/www.cizors.fr\/lp\/wp-json\/wp\/v2\/pages\/25\/revisions"}],"predecessor-version":[{"id":89,"href":"https:\/\/www.cizors.fr\/lp\/wp-json\/wp\/v2\/pages\/25\/revisions\/89"}],"wp:featuredmedia":[{"embeddable":true,"href":"https:\/\/www.cizors.fr\/lp\/wp-json\/wp\/v2\/media\/35"}],"wp:attachment":[{"href":"https:\/\/www.cizors.fr\/lp\/wp-json\/wp\/v2\/media?parent=25"}],"curies":[{"name":"wp","href":"https:\/\/api.w.org\/{rel}","templated":true}]}}