{"id":61,"date":"2024-03-18T14:27:47","date_gmt":"2024-03-18T13:27:47","guid":{"rendered":"https:\/\/www.cizors.fr\/lp\/?page_id=61"},"modified":"2024-04-08T16:13:05","modified_gmt":"2024-04-08T14:13:05","slug":"coiffeur-visagiste-paris-11","status":"publish","type":"page","link":"https:\/\/www.cizors.fr\/lp\/","title":{"rendered":"Salon"},"content":{"rendered":"","protected":false},"excerpt":{"rendered":"","protected":false},"author":1,"featured_media":0,"parent":0,"menu_order":0,"comment_status":"closed","ping_status":"closed","template":"","meta":{"_seopress_robots_primary_cat":"","_seopress_titles_title":"Coiffeur visagiste Paris 11 Oberkampf - Coiffure visagisme CIZORS","_seopress_titles_desc":"Coiffeur visagiste Paris 11 Oberkampf - Que vous cherchiez \u00e0 r\u00e9inventer votre coiffure ou \u00e0 cr\u00e9er un look branch\u00e9, nos coiffeurs vous proposent une exp\u00e9rience sur mesure. Un service de coiffure professionnel \u00e0 des prix abordables.","_seopress_robots_index":"","footnotes":""},"class_list":["post-61","page","type-page","status-publish"],"_links":{"self":[{"href":"https:\/\/www.cizors.fr\/lp\/wp-json\/wp\/v2\/pages\/61","targetHints":{"allow":["GET"]}}],"collection":[{"href":"https:\/\/www.cizors.fr\/lp\/wp-json\/wp\/v2\/pages"}],"about":[{"href":"https:\/\/www.cizors.fr\/lp\/wp-json\/wp\/v2\/types\/page"}],"author":[{"embeddable":true,"href":"https:\/\/www.cizors.fr\/lp\/wp-json\/wp\/v2\/users\/1"}],"replies":[{"embeddable":true,"href":"https:\/\/www.cizors.fr\/lp\/wp-json\/wp\/v2\/comments?post=61"}],"version-history":[{"count":1,"href":"https:\/\/www.cizors.fr\/lp\/wp-json\/wp\/v2\/pages\/61\/revisions"}],"predecessor-version":[{"id":64,"href":"https:\/\/www.cizors.fr\/lp\/wp-json\/wp\/v2\/pages\/61\/revisions\/64"}],"wp:attachment":[{"href":"https:\/\/www.cizors.fr\/lp\/wp-json\/wp\/v2\/media?parent=61"}],"curies":[{"name":"wp","href":"https:\/\/api.w.org\/{rel}","templated":true}]}}