{"id":82,"date":"2024-04-05T11:30:13","date_gmt":"2024-04-05T09:30:13","guid":{"rendered":"https:\/\/www.cizors.fr\/lp\/?page_id=82"},"modified":"2024-04-08T17:27:17","modified_gmt":"2024-04-08T15:27:17","slug":"coupe-a-sec-paris-11","status":"publish","type":"page","link":"https:\/\/www.cizors.fr\/lp\/coupe-a-sec-paris-11\/","title":{"rendered":"Coupe sur cheveux secs Paris"},"content":{"rendered":"","protected":false},"excerpt":{"rendered":"","protected":false},"author":1,"featured_media":35,"parent":0,"menu_order":0,"comment_status":"closed","ping_status":"closed","template":"","meta":{"_seopress_robots_primary_cat":"","_seopress_titles_title":"Coiffeur Coloration V\u00e9g\u00e9tale Paris - Coloration naturelle by Cizor&#039;s","_seopress_titles_desc":"Les coloristes des salons de coiffure Cizor&#039;s r\u00e9pondent \u00e0 toutes les questions li\u00e9es \u00e0 la coloration v\u00e9g\u00e9tale. Cizors votre coiffeur pour une coloration naturelle","_seopress_robots_index":"","footnotes":""},"class_list":["post-82","page","type-page","status-publish","has-post-thumbnail"],"_links":{"self":[{"href":"https:\/\/www.cizors.fr\/lp\/wp-json\/wp\/v2\/pages\/82","targetHints":{"allow":["GET"]}}],"collection":[{"href":"https:\/\/www.cizors.fr\/lp\/wp-json\/wp\/v2\/pages"}],"about":[{"href":"https:\/\/www.cizors.fr\/lp\/wp-json\/wp\/v2\/types\/page"}],"author":[{"embeddable":true,"href":"https:\/\/www.cizors.fr\/lp\/wp-json\/wp\/v2\/users\/1"}],"replies":[{"embeddable":true,"href":"https:\/\/www.cizors.fr\/lp\/wp-json\/wp\/v2\/comments?post=82"}],"version-history":[{"count":2,"href":"https:\/\/www.cizors.fr\/lp\/wp-json\/wp\/v2\/pages\/82\/revisions"}],"predecessor-version":[{"id":109,"href":"https:\/\/www.cizors.fr\/lp\/wp-json\/wp\/v2\/pages\/82\/revisions\/109"}],"wp:featuredmedia":[{"embeddable":true,"href":"https:\/\/www.cizors.fr\/lp\/wp-json\/wp\/v2\/media\/35"}],"wp:attachment":[{"href":"https:\/\/www.cizors.fr\/lp\/wp-json\/wp\/v2\/media?parent=82"}],"curies":[{"name":"wp","href":"https:\/\/api.w.org\/{rel}","templated":true}]}}