{"id":95,"date":"2024-04-08T16:21:39","date_gmt":"2024-04-08T14:21:39","guid":{"rendered":"https:\/\/www.cizors.fr\/lp\/?page_id=95"},"modified":"2024-04-08T17:26:49","modified_gmt":"2024-04-08T15:26:49","slug":"ombre-hair-paris","status":"publish","type":"page","link":"https:\/\/www.cizors.fr\/lp\/ombre-hair-paris\/","title":{"rendered":"Ombr\u00e9 hair Paris"},"content":{"rendered":"","protected":false},"excerpt":{"rendered":"","protected":false},"author":1,"featured_media":35,"parent":0,"menu_order":0,"comment_status":"closed","ping_status":"closed","template":"","meta":{"_seopress_robots_primary_cat":"","_seopress_titles_title":"Ombr\u00e9 hair Paris - Quel ombr\u00e9 hair choisir ? Conseils by Cizors","_seopress_titles_desc":"Les coloristes des salons Cizors r\u00e9pondent \u00e0 toutes vos questions sur l&#039;ombr\u00e9 hair, technique de coloration des cheveux o\u00f9 les racines sont plus fonc\u00e9es et progressivement plus claires vers les pointes.","_seopress_robots_index":"","footnotes":""},"class_list":["post-95","page","type-page","status-publish","has-post-thumbnail"],"_links":{"self":[{"href":"https:\/\/www.cizors.fr\/lp\/wp-json\/wp\/v2\/pages\/95","targetHints":{"allow":["GET"]}}],"collection":[{"href":"https:\/\/www.cizors.fr\/lp\/wp-json\/wp\/v2\/pages"}],"about":[{"href":"https:\/\/www.cizors.fr\/lp\/wp-json\/wp\/v2\/types\/page"}],"author":[{"embeddable":true,"href":"https:\/\/www.cizors.fr\/lp\/wp-json\/wp\/v2\/users\/1"}],"replies":[{"embeddable":true,"href":"https:\/\/www.cizors.fr\/lp\/wp-json\/wp\/v2\/comments?post=95"}],"version-history":[{"count":3,"href":"https:\/\/www.cizors.fr\/lp\/wp-json\/wp\/v2\/pages\/95\/revisions"}],"predecessor-version":[{"id":108,"href":"https:\/\/www.cizors.fr\/lp\/wp-json\/wp\/v2\/pages\/95\/revisions\/108"}],"wp:featuredmedia":[{"embeddable":true,"href":"https:\/\/www.cizors.fr\/lp\/wp-json\/wp\/v2\/media\/35"}],"wp:attachment":[{"href":"https:\/\/www.cizors.fr\/lp\/wp-json\/wp\/v2\/media?parent=95"}],"curies":[{"name":"wp","href":"https:\/\/api.w.org\/{rel}","templated":true}]}}